{"id":13580,"date":"2024-10-14T17:43:22","date_gmt":"2024-10-14T17:43:22","guid":{"rendered":"https:\/\/eleganzaeventvenue.com\/?page_id=13580"},"modified":"2024-10-24T23:31:14","modified_gmt":"2024-10-24T23:31:14","slug":"tour","status":"publish","type":"page","link":"https:\/\/eleganzaeventvenue.com\/en\/tour\/","title":{"rendered":"Tour"},"content":{"rendered":"<section class=\"wpb-content-wrapper\"><section data-vc-full-width=\"true\" data-vc-full-width-init=\"false\" class=\"vc_section vc_section_visible pix-intro-1 vc_custom_1728930473663\" data-section-name=\"\"><div class=\"fullpage-container\"><div class=\"pix-intro-img jarallax\" data-jarallax data-speed=\"0.8\"><img decoding=\"async\" loading=\"lazy\" class=\"jarallax-img pix-opacity-10\"  src=\"https:\/\/eleganzaeventvenue.com\/wp-content\/uploads\/2024\/10\/banner-galeria-eleganza-scaled.jpg\" alt=\"\" \/><\/div><\/div><div class=\"vc_row wpb_row vc_row-fluid vc_row_visible\"><div class=\"wpb_column vc_column_container vc_col-sm-12 text-center\"><div class=\"vc_column-inner\"><div class=\"wpb_wrapper\"><div id=\"el1727389224698-a3ab3d0b-de18\" class=\"pix-highlighted-element text-center  vc_custom_1728927591368\"><div class=\"d-inline-block\" style=\"max-width:900px;\"><h1 class=\"pix-highlighted-items display-2\" style=\"\" data-anim-type=\"\" data-anim-delay=\"0\"><span id=\"el1727389224698-a3ab3d0b-de18-0\" class=\"\"><span class=\"pix-highlighted-text pix-highlight-item font-weight-normal  heading-font text-white\">THE BEST OF OUR EVENTS<\/span><\/span><\/h1><\/div><\/div><\/div><\/div><\/div><\/div><\/section><div class=\"vc_row-full-width vc_clearfix\"><\/div><section id=\"pix_section_gallery\" data-vc-full-width=\"true\" data-vc-full-width-init=\"false\" class=\"vc_section vc_section_visible vc_custom_1614046119892\" data-section-name=\"\"><div data-vc-full-width=\"true\" data-vc-full-width-init=\"false\" class=\"vc_row wpb_row vc_row-fluid vc_row_visible vc_custom_1728926644626\"><div class=\"wpb_column vc_column_container vc_col-sm-12 text-center\"><div class=\"vc_column-inner\"><div class=\"wpb_wrapper\"><div id=\"el1728927323114-62a4c622-4298\" class=\"pix-highlighted-element text-center  vc_custom_1728927765313\"><div class=\"d-inline-block\" style=\"max-width:500px;\"><h2 class=\"pix-highlighted-items\" style=\"\" data-anim-type=\"\" data-anim-delay=\"0\"><span id=\"el1728927323114-62a4c622-4298-0\" class=\"\"><span class=\"pix-highlighted-text pix-highlight-item font-weight-normal  heading-font text-heading-default\">MEMORIES THOUGHT THE LENSES<\/span><\/span><\/h2><\/div><\/div><div class=\"pix-el-text w-100   vc_custom_1728927730056\" ><div class=\"d-inline-block\" style=\"max-width:700px;\"><p class=\"text-18  text-body-default\" ><span class=\"text-body-default animate-in d-inline-block\" data-anim-delay=\"100\" data-anim-type=\"fade-in-up\">Welcome to our gallery, a space where dreams come true. Here, you can explore a selection of memorable event photos we\u2019ve had the honor of hosting: from romantic weddings to vibrant birthday parties and corporate events. <\/span><\/p><\/div><\/div><\/div><\/div><\/div><\/div><div class=\"vc_row-full-width vc_clearfix\"><\/div><div class=\"vc_row wpb_row vc_row-fluid vc_row_visible\"><div class=\"wpb_column vc_column_container vc_col-sm-12 text-left\"><div class=\"vc_column-inner\"><div class=\"wpb_wrapper\"><div class=\"pix-lightbox\"><div class=\"pix_masonry  pix-3-columns\" style=\"width:100%\"><div class=\"grid-sizer\"><\/div><div class=\"gutter-sizer\"><\/div><div class=\"grid-item pix-mb-20\"><a class=\"card pix-lightbox pix-lightbox-item pix-hover-item  rounded-0\" data-fancybox=\"gallery\" data-caption=\"\" href=\"https:\/\/eleganzaeventvenue.com\/wp-content\/uploads\/2024\/10\/galeria-eleganza-04.jpg\"><img loading=\"lazy\" decoding=\"async\" class=\"card-img  rounded-0 pix-gallery-item pix-gallery-sm\" src=\"https:\/\/eleganzaeventvenue.com\/wp-content\/uploads\/2024\/10\/galeria-eleganza-04.jpg\" width=\"2000\" height=\"2000\" alt=\"\" \/><div class=\"card-img-overlay d-flex align-items-end pix-p-10\"><\/div><\/a><\/div><div class=\"grid-item pix-mb-20\"><a class=\"card pix-lightbox pix-lightbox-item pix-hover-item  rounded-0\" data-fancybox=\"gallery\" data-caption=\" \" href=\"https:\/\/eleganzaeventvenue.com\/wp-content\/uploads\/2024\/10\/galeria-eleganza-05.jpg\"><img loading=\"lazy\" decoding=\"async\" class=\"card-img  rounded-0 pix-gallery-item pix-gallery-sm\" src=\"https:\/\/eleganzaeventvenue.com\/wp-content\/uploads\/2024\/10\/galeria-eleganza-05.jpg\" width=\"2000\" height=\"2000\" alt=\" \" \/><div class=\"card-img-overlay d-flex align-items-end pix-p-10\"><\/div><\/a><\/div><div class=\"grid-item pix-mb-20\"><a class=\"card pix-lightbox pix-lightbox-item pix-hover-item  rounded-0\" data-fancybox=\"gallery\" data-caption=\" \" href=\"https:\/\/eleganzaeventvenue.com\/wp-content\/uploads\/2024\/10\/galeria-eleganza-01.jpg\"><img loading=\"lazy\" decoding=\"async\" class=\"card-img  rounded-0 pix-gallery-item pix-gallery-lg\" src=\"https:\/\/eleganzaeventvenue.com\/wp-content\/uploads\/2024\/10\/galeria-eleganza-01.jpg\" width=\"1513\" height=\"2016\" alt=\" \" \/><div class=\"card-img-overlay d-flex align-items-end pix-p-10\"><\/div><\/a><\/div><div class=\"grid-item grid-item--width2 pix-mb-20\"><a class=\"card pix-lightbox pix-lightbox-item pix-hover-item  rounded-0\" data-fancybox=\"gallery\" data-caption=\"\" href=\"https:\/\/eleganzaeventvenue.com\/wp-content\/uploads\/2024\/10\/galeria-eleganza-08.jpg\"><img loading=\"lazy\" decoding=\"async\" class=\"card-img  rounded-0 pix-gallery-item pix-gallery-sm\" src=\"https:\/\/eleganzaeventvenue.com\/wp-content\/uploads\/2024\/10\/galeria-eleganza-08.jpg\" width=\"2016\" height=\"1512\" alt=\"\" \/><div class=\"card-img-overlay d-flex align-items-end pix-p-10\"><\/div><\/a><\/div><div class=\"grid-item grid-item--width2 pix-mb-20\"><a class=\"card pix-lightbox pix-lightbox-item pix-hover-item  rounded-0\" data-fancybox=\"gallery\" data-caption=\"\" href=\"https:\/\/eleganzaeventvenue.com\/wp-content\/uploads\/2024\/10\/galeria-eleganza-03.jpg\"><img loading=\"lazy\" decoding=\"async\" class=\"card-img  rounded-0 pix-gallery-item pix-gallery-lg\" src=\"https:\/\/eleganzaeventvenue.com\/wp-content\/uploads\/2024\/10\/galeria-eleganza-03.jpg\" width=\"2016\" height=\"1512\" alt=\"\" \/><div class=\"card-img-overlay d-flex align-items-end pix-p-10\"><\/div><\/a><\/div><div class=\"grid-item pix-mb-20\"><a class=\"card pix-lightbox pix-lightbox-item pix-hover-item  rounded-0\" data-fancybox=\"gallery\" data-caption=\"\" href=\"https:\/\/eleganzaeventvenue.com\/wp-content\/uploads\/2024\/10\/galeria-eleganza-06.jpg\"><img loading=\"lazy\" decoding=\"async\" class=\"card-img  rounded-0 pix-gallery-item pix-gallery-sm\" src=\"https:\/\/eleganzaeventvenue.com\/wp-content\/uploads\/2024\/10\/galeria-eleganza-06.jpg\" width=\"2000\" height=\"2000\" alt=\"\" \/><div class=\"card-img-overlay d-flex align-items-end pix-p-10\"><\/div><\/a><\/div><div class=\"grid-item pix-mb-20\"><a class=\"card pix-lightbox pix-lightbox-item pix-hover-item  rounded-0\" data-fancybox=\"gallery\" data-caption=\"\" href=\"https:\/\/eleganzaeventvenue.com\/wp-content\/uploads\/2024\/10\/galeria-eleganza-07.jpg\"><img loading=\"lazy\" decoding=\"async\" class=\"card-img  rounded-0 pix-gallery-item pix-gallery-sm\" src=\"https:\/\/eleganzaeventvenue.com\/wp-content\/uploads\/2024\/10\/galeria-eleganza-07.jpg\" width=\"2000\" height=\"2000\" alt=\"\" \/><div class=\"card-img-overlay d-flex align-items-end pix-p-10\"><\/div><\/a><\/div><\/div><\/div><\/div><\/div><\/div><\/div><div class=\"vc_row wpb_row vc_row-fluid vc_row_visible\"><div class=\"wpb_column vc_column_container vc_col-sm-12 text-left\"><div class=\"vc_column-inner\"><div class=\"wpb_wrapper\"><div class=\"pix-lightbox\"><div class=\"pix_masonry  pix-3-columns\" style=\"width:100%\"><div class=\"grid-sizer\"><\/div><div class=\"gutter-sizer\"><\/div><div class=\"grid-item pix-mb-20\"><a class=\"card pix-lightbox pix-lightbox-item pix-hover-item  rounded-0\" data-fancybox=\"gallery\" data-caption=\"\" href=\"https:\/\/eleganzaeventvenue.com\/wp-content\/uploads\/2024\/10\/galeria-eleganza-12.jpg\"><img loading=\"lazy\" decoding=\"async\" class=\"card-img  rounded-0 pix-gallery-item pix-gallery-sm\" src=\"https:\/\/eleganzaeventvenue.com\/wp-content\/uploads\/2024\/10\/galeria-eleganza-12.jpg\" width=\"1200\" height=\"1600\" alt=\"\" \/><div class=\"card-img-overlay d-flex align-items-end pix-p-10\"><\/div><\/a><\/div><div class=\"grid-item pix-mb-20\"><a class=\"card pix-lightbox pix-lightbox-item pix-hover-item  rounded-0\" data-fancybox=\"gallery\" data-caption=\" \" href=\"https:\/\/eleganzaeventvenue.com\/wp-content\/uploads\/2024\/10\/galeria-eleganza-13-scaled.jpg\"><img loading=\"lazy\" decoding=\"async\" class=\"card-img  rounded-0 pix-gallery-item pix-gallery-sm\" src=\"https:\/\/eleganzaeventvenue.com\/wp-content\/uploads\/2024\/10\/galeria-eleganza-13-scaled.jpg\" width=\"1440\" height=\"2560\" alt=\" \" \/><div class=\"card-img-overlay d-flex align-items-end pix-p-10\"><\/div><\/a><\/div><div class=\"grid-item pix-mb-20\"><a class=\"card pix-lightbox pix-lightbox-item pix-hover-item  rounded-0\" data-fancybox=\"gallery\" data-caption=\" \" href=\"https:\/\/eleganzaeventvenue.com\/wp-content\/uploads\/2024\/10\/galeria-eleganza-10.jpg\"><img loading=\"lazy\" decoding=\"async\" class=\"card-img  rounded-0 pix-gallery-item pix-gallery-lg\" src=\"https:\/\/eleganzaeventvenue.com\/wp-content\/uploads\/2024\/10\/galeria-eleganza-10.jpg\" width=\"1200\" height=\"1600\" alt=\" \" \/><div class=\"card-img-overlay d-flex align-items-end pix-p-10\"><\/div><\/a><\/div><div class=\"grid-item grid-item--width2 pix-mb-20\"><a class=\"card pix-lightbox pix-lightbox-item pix-hover-item  rounded-0\" data-fancybox=\"gallery\" data-caption=\"\" href=\"https:\/\/eleganzaeventvenue.com\/wp-content\/uploads\/2024\/10\/galeria-eleganza-11.jpg\"><img loading=\"lazy\" decoding=\"async\" class=\"card-img  rounded-0 pix-gallery-item pix-gallery-sm\" src=\"https:\/\/eleganzaeventvenue.com\/wp-content\/uploads\/2024\/10\/galeria-eleganza-11.jpg\" width=\"1200\" height=\"1600\" alt=\"\" \/><div class=\"card-img-overlay d-flex align-items-end pix-p-10\"><\/div><\/a><\/div><\/div><\/div><\/div><\/div><\/div><\/div><div class=\"vc_row wpb_row vc_row-fluid vc_row_visible\"><div class=\"wpb_column vc_column_container vc_col-sm-12 text-left\"><div class=\"vc_column-inner\"><div class=\"wpb_wrapper\"><div class=\"pix-lightbox\"><div class=\"pix_masonry  pix-3-columns\" style=\"width:100%\"><div class=\"grid-sizer\"><\/div><div class=\"gutter-sizer\"><\/div><div class=\"grid-item pix-mb-20\"><a class=\"card pix-lightbox pix-lightbox-item pix-hover-item  rounded-0\" data-fancybox=\"gallery\" data-caption=\"\" href=\"https:\/\/eleganzaeventvenue.com\/wp-content\/uploads\/2024\/10\/galeria-eleganza-16.jpg\"><img loading=\"lazy\" decoding=\"async\" class=\"card-img  rounded-0 pix-gallery-item pix-gallery-sm\" src=\"https:\/\/eleganzaeventvenue.com\/wp-content\/uploads\/2024\/10\/galeria-eleganza-16.jpg\" width=\"1200\" height=\"1600\" alt=\"\" \/><div class=\"card-img-overlay d-flex align-items-end pix-p-10\"><\/div><\/a><\/div><div class=\"grid-item pix-mb-20\"><a class=\"card pix-lightbox pix-lightbox-item pix-hover-item  rounded-0\" data-fancybox=\"gallery\" data-caption=\" \" href=\"https:\/\/eleganzaeventvenue.com\/wp-content\/uploads\/2024\/10\/galeria-eleganza-17.jpg\"><img loading=\"lazy\" decoding=\"async\" class=\"card-img  rounded-0 pix-gallery-item pix-gallery-sm\" src=\"https:\/\/eleganzaeventvenue.com\/wp-content\/uploads\/2024\/10\/galeria-eleganza-17.jpg\" width=\"1200\" height=\"1600\" alt=\" \" \/><div class=\"card-img-overlay d-flex align-items-end pix-p-10\"><\/div><\/a><\/div><div class=\"grid-item pix-mb-20\"><a class=\"card pix-lightbox pix-lightbox-item pix-hover-item  rounded-0\" data-fancybox=\"gallery\" data-caption=\" \" href=\"https:\/\/eleganzaeventvenue.com\/wp-content\/uploads\/2024\/10\/galeria-eleganza-15.jpg\"><img loading=\"lazy\" decoding=\"async\" class=\"card-img  rounded-0 pix-gallery-item pix-gallery-lg\" src=\"https:\/\/eleganzaeventvenue.com\/wp-content\/uploads\/2024\/10\/galeria-eleganza-15.jpg\" width=\"1200\" height=\"1600\" alt=\" \" \/><div class=\"card-img-overlay d-flex align-items-end pix-p-10\"><\/div><\/a><\/div><div class=\"grid-item grid-item--width2 pix-mb-20\"><a class=\"card pix-lightbox pix-lightbox-item pix-hover-item  rounded-0\" data-fancybox=\"gallery\" data-caption=\"\" href=\"https:\/\/eleganzaeventvenue.com\/wp-content\/uploads\/2024\/10\/galeria-eleganza-19.jpg\"><img loading=\"lazy\" decoding=\"async\" class=\"card-img  rounded-0 pix-gallery-item pix-gallery-sm\" src=\"https:\/\/eleganzaeventvenue.com\/wp-content\/uploads\/2024\/10\/galeria-eleganza-19.jpg\" width=\"1536\" height=\"1407\" alt=\"\" \/><div class=\"card-img-overlay d-flex align-items-end pix-p-10\"><\/div><\/a><\/div><div class=\"grid-item grid-item--width2 pix-mb-20\"><a class=\"card pix-lightbox pix-lightbox-item pix-hover-item  rounded-0\" data-fancybox=\"gallery\" data-caption=\"\" href=\"https:\/\/eleganzaeventvenue.com\/wp-content\/uploads\/2024\/10\/galeria-eleganza-18.jpg\"><img loading=\"lazy\" decoding=\"async\" class=\"card-img  rounded-0 pix-gallery-item pix-gallery-lg\" src=\"https:\/\/eleganzaeventvenue.com\/wp-content\/uploads\/2024\/10\/galeria-eleganza-18.jpg\" width=\"1200\" height=\"1600\" alt=\"\" \/><div class=\"card-img-overlay d-flex align-items-end pix-p-10\"><\/div><\/a><\/div><div class=\"grid-item pix-mb-20\"><a class=\"card pix-lightbox pix-lightbox-item pix-hover-item  rounded-0\" data-fancybox=\"gallery\" data-caption=\"\" href=\"https:\/\/eleganzaeventvenue.com\/wp-content\/uploads\/2024\/10\/galeria-eleganza-20.jpg\"><img loading=\"lazy\" decoding=\"async\" class=\"card-img  rounded-0 pix-gallery-item pix-gallery-sm\" src=\"https:\/\/eleganzaeventvenue.com\/wp-content\/uploads\/2024\/10\/galeria-eleganza-20.jpg\" width=\"1200\" height=\"1600\" alt=\"\" \/><div class=\"card-img-overlay d-flex align-items-end pix-p-10\"><\/div><\/a><\/div><div class=\"grid-item pix-mb-20\"><a class=\"card pix-lightbox pix-lightbox-item pix-hover-item  rounded-0\" data-fancybox=\"gallery\" data-caption=\"\" href=\"https:\/\/eleganzaeventvenue.com\/wp-content\/uploads\/2024\/10\/galeria-eleganza-21-scaled.jpg\"><img loading=\"lazy\" decoding=\"async\" class=\"card-img  rounded-0 pix-gallery-item pix-gallery-sm\" src=\"https:\/\/eleganzaeventvenue.com\/wp-content\/uploads\/2024\/10\/galeria-eleganza-21-scaled.jpg\" width=\"2560\" height=\"1707\" alt=\"\" \/><div class=\"card-img-overlay d-flex align-items-end pix-p-10\"><\/div><\/a><\/div><\/div><\/div><\/div><\/div><\/div><\/div><\/section><div class=\"vc_row-full-width vc_clearfix\"><\/div><\/section>","protected":false},"excerpt":{"rendered":"LO MEJOR DE NUESTROS EVENTOSMEMORIAS A TRAV\u00c9S DEL LENTEBienvenido a nuestra galer\u00eda, un espacio donde los sue\u00f1os se hacen realidad. Aqu\u00ed podr\u00e1s explorar una selecci\u00f3n de fotos de eventos memorables que hemos tenido el honor de albergar: desde rom\u00e1nticas bodas...","protected":false},"author":1,"featured_media":0,"parent":0,"menu_order":0,"comment_status":"closed","ping_status":"closed","template":"","meta":{"footnotes":""},"class_list":["post-13580","page","type-page","status-publish","hentry"],"_links":{"self":[{"href":"https:\/\/eleganzaeventvenue.com\/en\/wp-json\/wp\/v2\/pages\/13580","targetHints":{"allow":["GET"]}}],"collection":[{"href":"https:\/\/eleganzaeventvenue.com\/en\/wp-json\/wp\/v2\/pages"}],"about":[{"href":"https:\/\/eleganzaeventvenue.com\/en\/wp-json\/wp\/v2\/types\/page"}],"author":[{"embeddable":true,"href":"https:\/\/eleganzaeventvenue.com\/en\/wp-json\/wp\/v2\/users\/1"}],"replies":[{"embeddable":true,"href":"https:\/\/eleganzaeventvenue.com\/en\/wp-json\/wp\/v2\/comments?post=13580"}],"version-history":[{"count":33,"href":"https:\/\/eleganzaeventvenue.com\/en\/wp-json\/wp\/v2\/pages\/13580\/revisions"}],"predecessor-version":[{"id":13723,"href":"https:\/\/eleganzaeventvenue.com\/en\/wp-json\/wp\/v2\/pages\/13580\/revisions\/13723"}],"wp:attachment":[{"href":"https:\/\/eleganzaeventvenue.com\/en\/wp-json\/wp\/v2\/media?parent=13580"}],"curies":[{"name":"wp","href":"https:\/\/api.w.org\/{rel}","templated":true}]}}