{"id":13774,"date":"2024-10-28T16:29:35","date_gmt":"2024-10-28T16:29:35","guid":{"rendered":"https:\/\/eleganzaeventvenue.com\/?page_id=13774"},"modified":"2024-10-28T16:30:26","modified_gmt":"2024-10-28T16:30:26","slug":"terminos-y-condiciones-de-uso","status":"publish","type":"page","link":"https:\/\/eleganzaeventvenue.com\/en\/terminos-y-condiciones-de-uso\/","title":{"rendered":"Terminos y Condiciones de Uso"},"content":{"rendered":"<section class=\"wpb-content-wrapper\"><section id=\"pix_section_features\" data-vc-full-width=\"true\" data-vc-full-width-init=\"false\" class=\"vc_section vc_section_visible pix_section_features vc_custom_1729801717483 vc_section-has-fill vc_row-o-full-height\" data-section-name=\"\"><div data-vc-full-width=\"true\" data-vc-full-width-init=\"false\" class=\"vc_row wpb_row vc_row-fluid vc_row_visible vc_custom_1729799041563\"><div class=\"wpb_column vc_column_container vc_col-sm-2 text-left\"><div class=\"vc_column-inner  vc_custom_1558982852616\"><div class=\"wpb_wrapper\"><\/div><\/div><\/div><div class=\"wpb_column vc_column_container vc_col-sm-8 text-left\"><div class=\"vc_column-inner\"><div class=\"wpb_wrapper\"><div id=\"el1729799064056-b087bc8c-fb7f\" class=\"pix-highlighted-element text-left\"><div class=\"d-inline-block\" style=\"max-width:600px;\"><h2 class=\"pix-highlighted-items\" style=\"\" data-anim-type=\"\" data-anim-delay=\"0\"><span id=\"el1729799064056-b087bc8c-fb7f-0\" class=\"\"><span class=\"pix-highlighted-text pix-highlight-item font-weight-normal  heading-font text-white\">TERMS AND CONDITIONS<\/span><\/span><\/h2><\/div><\/div><div id=\"el1729894892099-7aee2208-7f0e\" class=\"pix-el-text   w-100 text-left\" ><p class=\"text-left\"><p><span style=\"color: #ffffff;\"><strong>Welcome<\/strong><\/span><br \/>\n<span style=\"color: #ffffff;\">Welcome to Eleganza Event Venue. By accessing and using our website, <strong>www.eleganzaeventvenue.com<\/strong>, you agree to comply with and be bound by the following terms and conditions of use, as well as our privacy policy. <strong>We assume that by accessing our website, you accept our usage policy.<\/strong> If you do not agree with any of the terms, please refrain from using our site.<\/span><\/p>\n<p><span style=\"color: #ffffff;\"><strong>Use of Cookies<\/strong><\/span><br \/>\n<span style=\"color: #ffffff;\">Our website uses cookies to optimize your browsing experience. By using our site, you consent to use essential cookies for its functionality and, in some cases, third-party cookies that may be included through integrated services. You can manage your cookie preferences in your browser settings.<\/span><\/p>\n<p><span style=\"color: #ffffff;\"><strong>Intellectual Property<\/strong><\/span><br \/>\n<span style=\"color: #ffffff;\">Our website's content, organization, graphics, design, compilation, and other aspects are protected under intellectual property laws and other rights. Without prior written consent, it is prohibited to copy, redistribute, use, or publish any part of our site for commercial or public purposes.<\/span><\/p>\n<p><span style=\"color: #ffffff;\"><strong>User Comments and Participation<\/strong><\/span><br \/>\n<span style=\"color: #ffffff;\">We encourage the exchange of opinions and relevant information from our users. However, Eleganza Event Venue is not responsible for comments posted on our site. We reserve the right to remove comments we deem inappropriate or harmful.<\/span><br \/>\n<span style=\"color: #ffffff;\">By posting, you guarantee that you own the rights to your content, that it does not infringe on third-party rights, and you grant Eleganza Event Venue the right to use and reproduce such content.<\/span><\/p>\n<p><span style=\"color: #ffffff;\"><strong>Links to our Site<\/strong><\/span><br \/>\n<span style=\"color: #ffffff;\">Organizations such as government agencies, media outlets, and businesses may link to our website without prior approval. These links must be respectful and must not falsely imply any affiliation or endorsement on our part.<\/span><\/p>\n<p><span style=\"color: #ffffff;\"><strong>Content Responsibility<\/strong><\/span><br \/>\n<span style=\"color: #ffffff;\">Eleganza Event Venue assumes no responsibility for external content linked from our site. The presence of any link does not imply a recommendation or endorsement by us.<\/span><\/p>\n<p><span style=\"color: #ffffff;\"><strong>Reservation of Rights<\/strong><\/span><br \/>\n<span style=\"color: #ffffff;\">We reserve the right to request the removal of any link to our website and to modify these terms and conditions at any time. By continuing to use our site, you agree to the modified terms.<\/span><\/p>\n<p><span style=\"color: #ffffff;\"><strong>Disclaimer<\/strong><\/span><br \/>\n<span style=\"color: #ffffff;\">Our website and its content are provided \"as is,\" without guarantees of accuracy or availability. Eleganza Event Venue will not be responsible for damages resulting from the use or inability to use our website.<\/span><\/p>\n<p><span style=\"color: #ffffff;\"><strong>Contact<\/strong><\/span><br \/>\n<span style=\"color: #ffffff;\">For questions or comments regarding these terms and conditions, please contact us at <strong>eleganzaeventvenue@gmail.com<\/strong><\/span><\/p>\n<\/p><\/div><\/div><\/div><\/div><div class=\"wpb_column vc_column_container vc_col-sm-2 text-left\"><div class=\"vc_column-inner\"><div class=\"wpb_wrapper\"><\/div><\/div><\/div><\/div><div class=\"vc_row-full-width vc_clearfix\"><\/div><\/section><div class=\"vc_row-full-width vc_clearfix\"><\/div><\/section>","protected":false},"excerpt":{"rendered":"T\u00c9RMINOS Y CONDICIONES DE USOBienvenidos Le damos la bienvenida a Eleganza Event Venue. Al acceder y utilizar nuestro sitio web, www.eleganzaeventvenue.com, usted acepta cumplir y estar vinculado por los siguientes t\u00e9rminos y condiciones de uso, as\u00ed como nuestra pol\u00edtica de...","protected":false},"author":1,"featured_media":0,"parent":0,"menu_order":0,"comment_status":"closed","ping_status":"closed","template":"","meta":{"footnotes":""},"class_list":["post-13774","page","type-page","status-publish","hentry"],"_links":{"self":[{"href":"https:\/\/eleganzaeventvenue.com\/en\/wp-json\/wp\/v2\/pages\/13774","targetHints":{"allow":["GET"]}}],"collection":[{"href":"https:\/\/eleganzaeventvenue.com\/en\/wp-json\/wp\/v2\/pages"}],"about":[{"href":"https:\/\/eleganzaeventvenue.com\/en\/wp-json\/wp\/v2\/types\/page"}],"author":[{"embeddable":true,"href":"https:\/\/eleganzaeventvenue.com\/en\/wp-json\/wp\/v2\/users\/1"}],"replies":[{"embeddable":true,"href":"https:\/\/eleganzaeventvenue.com\/en\/wp-json\/wp\/v2\/comments?post=13774"}],"version-history":[{"count":4,"href":"https:\/\/eleganzaeventvenue.com\/en\/wp-json\/wp\/v2\/pages\/13774\/revisions"}],"predecessor-version":[{"id":13778,"href":"https:\/\/eleganzaeventvenue.com\/en\/wp-json\/wp\/v2\/pages\/13774\/revisions\/13778"}],"wp:attachment":[{"href":"https:\/\/eleganzaeventvenue.com\/en\/wp-json\/wp\/v2\/media?parent=13774"}],"curies":[{"name":"wp","href":"https:\/\/api.w.org\/{rel}","templated":true}]}}