{"id":13752,"date":"2024-10-28T16:22:47","date_gmt":"2024-10-28T16:22:47","guid":{"rendered":"https:\/\/eleganzaeventvenue.com\/?page_id=13752"},"modified":"2024-10-28T23:36:03","modified_gmt":"2024-10-28T23:36:03","slug":"politica-de-cookies","status":"publish","type":"page","link":"https:\/\/eleganzaeventvenue.com\/es\/politica-de-cookies\/","title":{"rendered":"Politica de Cookies"},"content":{"rendered":"<section class=\"wpb-content-wrapper\"><section id=\"pix_section_features\" data-vc-full-width=\"true\" data-vc-full-width-init=\"false\" class=\"vc_section vc_section_visible pix_section_features vc_custom_1729801717483 vc_section-has-fill vc_row-o-full-height\" data-section-name=\"\"><div data-vc-full-width=\"true\" data-vc-full-width-init=\"false\" class=\"vc_row wpb_row vc_row-fluid vc_row_visible vc_custom_1729799041563\"><div class=\"wpb_column vc_column_container vc_col-sm-2 text-left\"><div class=\"vc_column-inner  vc_custom_1558982852616\"><div class=\"wpb_wrapper\"><\/div><\/div><\/div><div class=\"wpb_column vc_column_container vc_col-sm-8 text-left\"><div class=\"vc_column-inner\"><div class=\"wpb_wrapper\"><div id=\"el1729799064056-b087bc8c-fb7f\" class=\"pix-highlighted-element text-left \"><h2 class=\"pix-highlighted-items \" style=\"\" data-anim-type=\"\" data-anim-delay=\"0\"><span id=\"el1729799064056-b087bc8c-fb7f-0\" class=\"\"><span class=\"pix-highlighted-text pix-highlight-item font-weight-normal  heading-font text-white\">POL\u00cdTICA DE COOKIES<\/span><\/span><\/h2><\/div><div id=\"el1729894892099-7aee2208-7f0e\" class=\"pix-el-text   w-100 text-left \" ><p class=\"text-left\"><p><span style=\"color: #ffffff;\">En Eleganza Event Venue, respetamos su privacidad y estamos comprometidos con la transparencia en el uso de tecnolog\u00edas en nuestro sitio web. Una de estas tecnolog\u00edas son las cookies, peque\u00f1os archivos de texto que se almacenan en su dispositivo al visitar nuestra p\u00e1gina web, facilitando una experiencia m\u00e1s personalizada y eficiente.<\/span><\/p>\n<p><span style=\"color: #ffffff;\"><strong>\u00bfQu\u00e9 son las cookies y c\u00f3mo las utilizamos?<\/strong><\/span><br \/>\n<span style=\"color: #ffffff;\">Las cookies son archivos que se descargan en su dispositivo al acceder a ciertas p\u00e1ginas web. Estas nos permiten almacenar y recuperar informaci\u00f3n sobre sus h\u00e1bitos de navegaci\u00f3n o de su equipo. Utilizamos este informaci\u00f3n principalmente para mejorar nuestros servicios y ofrecer una mejor experiencia de navegaci\u00f3n. Las cookies se almacenan en su dispositivo solo durante su sesi\u00f3n actual, ocupando un espacio m\u00ednimo de memoria y sin perjudicar su dispositivo. No contienen informaci\u00f3n personal espec\u00edfica y la mayor\u00eda se eliminan al finalizar su sesi\u00f3n en el navegador.<\/span><\/p>\n<p><span style=\"color: #ffffff;\"><strong>Tipos de cookies que utilizamos:<\/strong><\/span><\/p>\n<ul>\n<li><span style=\"color: #ffffff;\"><strong>Cookies t\u00e9cnicas:<\/strong> Necesarias para la navegaci\u00f3n y el buen funcionamiento de nuestro sitio web.<\/span><\/li>\n<li><span style=\"color: #ffffff;\"><strong>Cookies de personalizaci\u00f3n:<\/strong> Nos permiten ofrecer servicios personalizados, como contenido en su idioma preferido.<\/span><\/li>\n<li><span style=\"color: #ffffff;\"><strong>Cookies de an\u00e1lisis:<\/strong> Recopilan informaci\u00f3n para evaluar el uso que hace del sitio web y mejorar nuestros servicios.<\/span><\/li>\n<li><span style=\"color: #ffffff;\"><strong>Cookies publicitarias y de comportamiento:<\/strong> Utilizadas para mostrarle publicidad relevante seg\u00fan su navegaci\u00f3n.<\/span><\/li>\n<li><span style=\"color: #ffffff;\"><strong>Cookies de redes sociales:<\/strong> Permiten interactuar con redes sociales.<\/span><\/li>\n<li><span style=\"color: #ffffff;\"><strong>Cookies de terceros:<\/strong> De servicios externos para mejorar la experiencia web.<\/span><\/li>\n<\/ul>\n<p><span style=\"color: #ffffff;\"><strong>Gesti\u00f3n de cookies:<\/strong><\/span><br \/>\n<span style=\"color: #ffffff;\">Su consentimiento es esencial para nosotros. Al acceder a nuestro sitio, puede aceptar o rechazar el uso de ciertas cookies. Si prefiere gestionar sus preferencias, puede configurar su navegador para permitir, bloquear o eliminar las cookies instaladas en su equipo. Sin embargo, el bloqueo de ciertas cookies puede afectar la funcionalidad completa de nuestro sitio.<\/span><\/p>\n<p><span style=\"color: #ffffff;\"><strong>C\u00f3mo gestionar sus preferencias de cookies:<\/strong><\/span><br \/>\n<span style=\"color: #ffffff;\">Tiene el control total sobre las cookies y puede ajustar sus preferencias en cualquier momento mediante la configuraci\u00f3n de su navegador. Esto le permite aceptar, rechazar o eliminar las cookies que se instalan en su dispositivo. Aqu\u00ed le ofrecemos una gu\u00eda general para los navegadores m\u00e1s comunes:<\/span><\/p>\n<ul>\n<li><span style=\"color: #ffffff;\"><strong>Google Chrome:<\/strong> En la configuraci\u00f3n de privacidad y seguridad, seleccione \u2018Configuraci\u00f3n de cookies\u2019 para personalizar sus preferencias.<\/span><\/li>\n<li><span style=\"color: #ffffff;\"><strong>Microsoft Edge:<\/strong> Dentro de las opciones de privacidad y servicios, ajuste la gesti\u00f3n de cookies seg\u00fan sus necesidades.<\/span><\/li>\n<li><span style=\"color: #ffffff;\"><strong>Mozilla Firefox:<\/strong> En \u2018Privacidad &amp; Seguridad\u2019, ajuste las opciones de cookies a su preferencia.<\/span><\/li>\n<li><span style=\"color: #ffffff;\"><strong>Safari:<\/strong> En la secci\u00f3n de privacidad de las preferencias del navegador, gestione sus ajustes de cookies.<\/span><\/li>\n<li><span style=\"color: #ffffff;\"><strong>Opera:<\/strong> En las configuraciones de privacidad y seguridad, modifique la configuraci\u00f3n de cookies.<\/span><\/li>\n<li><span style=\"color: #ffffff;\"><strong>Otros navegadores:<\/strong> Consulte la secci\u00f3n de ayuda o configuraci\u00f3n para obtener instrucciones espec\u00edficas.<\/span><\/li>\n<\/ul>\n<p><span style=\"color: #ffffff;\">Modificar la configuraci\u00f3n de cookies puede influir en su experiencia de navegaci\u00f3n, limitando la funcionalidad de ciertas p\u00e1ginas web. Para m\u00e1s informaci\u00f3n, consulte el soporte o la ayuda de su navegador.<\/span><\/p>\n<p><span style=\"color: #ffffff;\"><strong>C\u00f3mo contactarnos:<\/strong><\/span><br \/>\n<span style=\"color: #ffffff;\">Si tiene preguntas sobre nuestra pol\u00edtica de cookies o c\u00f3mo tratamos sus datos, no dude en contactarnos a trav\u00e9s de eleganzaeventvenue@gmail.com<\/span><\/p>\n<p><span style=\"color: #ffffff;\"><strong>Modificaciones en la Pol\u00edtica de Cookies:<\/strong><\/span><br \/>\n<span style=\"color: #ffffff;\">Eleganza Event Venue se reserva el derecho de modificar esta pol\u00edtica de cookies en funci\u00f3n de nuevas exigencias legales, regulaciones o con el fin de adaptar dicha pol\u00edtica a las instrucciones dictadas por las autoridades de protecci\u00f3n de datos.<\/span><\/p>\n<p><span style=\"color: #ffffff;\">Le recomendamos revisar esta pol\u00edtica cada vez que acceda a nuestro sitio web para estar adecuadamente informado sobre c\u00f3mo y para qu\u00e9 usamos las cookies.<\/span><\/p>\n<\/p><\/div><\/div><\/div><\/div><div class=\"wpb_column vc_column_container vc_col-sm-2 text-left\"><div class=\"vc_column-inner\"><div class=\"wpb_wrapper\"><\/div><\/div><\/div><\/div><div class=\"vc_row-full-width vc_clearfix\"><\/div><\/section><div class=\"vc_row-full-width vc_clearfix\"><\/div><\/section>","protected":false},"excerpt":{"rendered":"POL\u00cdTICA DE COOKIESEn Eleganza Event Venue, respetamos su privacidad y estamos comprometidos con la transparencia en el uso de tecnolog\u00edas en nuestro sitio web. Una de estas tecnolog\u00edas son las cookies, peque\u00f1os archivos de texto que se almacenan en su...","protected":false},"author":1,"featured_media":0,"parent":0,"menu_order":0,"comment_status":"closed","ping_status":"closed","template":"","meta":{"footnotes":""},"class_list":["post-13752","page","type-page","status-publish","hentry"],"_links":{"self":[{"href":"https:\/\/eleganzaeventvenue.com\/es\/wp-json\/wp\/v2\/pages\/13752","targetHints":{"allow":["GET"]}}],"collection":[{"href":"https:\/\/eleganzaeventvenue.com\/es\/wp-json\/wp\/v2\/pages"}],"about":[{"href":"https:\/\/eleganzaeventvenue.com\/es\/wp-json\/wp\/v2\/types\/page"}],"author":[{"embeddable":true,"href":"https:\/\/eleganzaeventvenue.com\/es\/wp-json\/wp\/v2\/users\/1"}],"replies":[{"embeddable":true,"href":"https:\/\/eleganzaeventvenue.com\/es\/wp-json\/wp\/v2\/comments?post=13752"}],"version-history":[{"count":16,"href":"https:\/\/eleganzaeventvenue.com\/es\/wp-json\/wp\/v2\/pages\/13752\/revisions"}],"predecessor-version":[{"id":13788,"href":"https:\/\/eleganzaeventvenue.com\/es\/wp-json\/wp\/v2\/pages\/13752\/revisions\/13788"}],"wp:attachment":[{"href":"https:\/\/eleganzaeventvenue.com\/es\/wp-json\/wp\/v2\/media?parent=13752"}],"curies":[{"name":"wp","href":"https:\/\/api.w.org\/{rel}","templated":true}]}}