{"id":13766,"date":"2024-10-28T16:25:28","date_gmt":"2024-10-28T16:25:28","guid":{"rendered":"https:\/\/eleganzaeventvenue.com\/?page_id=13766"},"modified":"2024-10-28T16:26:33","modified_gmt":"2024-10-28T16:26:33","slug":"politica-de-privacidad","status":"publish","type":"page","link":"https:\/\/eleganzaeventvenue.com\/es\/politica-de-privacidad\/","title":{"rendered":"Politica de Privacidad"},"content":{"rendered":"<section class=\"wpb-content-wrapper\"><section id=\"pix_section_features\" data-vc-full-width=\"true\" data-vc-full-width-init=\"false\" class=\"vc_section vc_section_visible pix_section_features vc_custom_1729801717483 vc_section-has-fill vc_row-o-full-height\" data-section-name=\"\"><div data-vc-full-width=\"true\" data-vc-full-width-init=\"false\" class=\"vc_row wpb_row vc_row-fluid vc_row_visible vc_custom_1729799041563\"><div class=\"wpb_column vc_column_container vc_col-sm-2 text-left\"><div class=\"vc_column-inner  vc_custom_1558982852616\"><div class=\"wpb_wrapper\"><\/div><\/div><\/div><div class=\"wpb_column vc_column_container vc_col-sm-8 text-left\"><div class=\"vc_column-inner\"><div class=\"wpb_wrapper\"><div id=\"el1729799064056-b087bc8c-fb7f\" class=\"pix-highlighted-element text-left \"><h2 class=\"pix-highlighted-items \" style=\"\" data-anim-type=\"\" data-anim-delay=\"0\"><span id=\"el1729799064056-b087bc8c-fb7f-0\" class=\"\"><span class=\"pix-highlighted-text pix-highlight-item font-weight-normal  heading-font text-white\">POL\u00cdTICA DE PRIVACIDAD<\/span><\/span><\/h2><\/div><div id=\"el1729894892099-7aee2208-7f0e\" class=\"pix-el-text   w-100 text-left \" ><p class=\"text-left\"><p><span style=\"color: #ffffff;\">Fecha de \u00faltima actualizaci\u00f3n: 20 de Abril del 2024.<\/span><\/p>\n<p><span style=\"color: #ffffff;\">Bienvenido a Eleganza Event Venue. Valoramos la confianza que deposita en nosotros al utilizar nuestros servicios y visitar nuestro sitio web. Comprometidos con la protecci\u00f3n y la privacidad de su informaci\u00f3n personal, adoptamos medidas rigurosas para asegurar su confidencialidad y seguridad.<\/span><\/p>\n<p><span style=\"color: #ffffff;\"><strong>Compromiso con la Privacidad<\/strong><\/span><br \/>\n<span style=\"color: #ffffff;\">Nuestro compromiso es firme respecto a la protecci\u00f3n de su privacidad y la informaci\u00f3n personal que pueda compartir con nosotros. Eleganza Event Venue opera en estricto cumplimiento con las leyes y regulaciones federales pertinentes sobre privacidad.<\/span><\/p>\n<p><span style=\"color: #ffffff;\"><strong>Recopilaci\u00f3n y Uso de Informaci\u00f3n Personal<\/strong><\/span><br \/>\n<span style=\"color: #ffffff;\">No recabamos informaci\u00f3n personal identificable (IPI) autom\u00e1ticamente al visitar nuestro sitio, salvo que opte por proporcionarla voluntariamente, por ejemplo, al completar formularios o enviar consultas. Toda informaci\u00f3n personal que decida compartir con nosotros se mantiene bajo estricta protecci\u00f3n y confidencialidad.<\/span><\/p>\n<p><span style=\"color: #ffffff;\"><strong>Informaci\u00f3n Autom\u00e1ticamente Recopilada<\/strong><\/span><br \/>\n<span style=\"color: #ffffff;\">Al igual que muchos sitios web, recopilamos informaci\u00f3n no personal autom\u00e1ticamente para fines estad\u00edsticos y de mejora del servicio, incluyendo, pero no limitado a, su tipo de navegador, sistema operativo, p\u00e1ginas visitadas, y la fecha y hora de acceso. Esta recopilaci\u00f3n autom\u00e1tica no identifica personalmente a los usuarios.<\/span><\/p>\n<p><span style=\"color: #ffffff;\"><strong>Uso de Tecnolog\u00edas de Medici\u00f3n y Adaptaci\u00f3n en Internet<\/strong><\/span><br \/>\n<span style=\"color: #ffffff;\">Empleamos tecnolog\u00edas est\u00e1ndar de la industria para recoger an\u00e1lisis y mejorar su experiencia en l\u00ednea. Nuestro sitio puede contener funcionalidades proporcionadas por terceros, lo cual est\u00e1 dise\u00f1ado para mejorar la utilidad y la interactividad de nuestro sitio web.<\/span><\/p>\n<p><span style=\"color: #ffffff;\"><strong>Privacidad y Seguridad de la Informaci\u00f3n<\/strong><\/span><br \/>\n<span style=\"color: #ffffff;\">Nos comprometemos a proteger su informaci\u00f3n personal. Solo utilizaremos su informaci\u00f3n para responder a sus solicitudes o mejorar su experiencia de usuario. No compartimos, vendemos, ni transferimos su informaci\u00f3n personal a terceros, excepto cuando lo requieran las autoridades legales o sea necesario por ley.<\/span><\/p>\n<p><span style=\"color: #ffffff;\"><strong>Comunicaciones Electr\u00f3nicas<\/strong><\/span><br \/>\n<span style=\"color: #ffffff;\">Si nos env\u00eda informaci\u00f3n personal por correo electr\u00f3nico o a trav\u00e9s de nuestros formularios en l\u00ednea, usaremos esa informaci\u00f3n para responder a su mensaje y para ayudarle con su solicitud. La comunicaci\u00f3n a trav\u00e9s de internet, como el correo electr\u00f3nico, puede ser interceptada. Si su comunicaci\u00f3n es muy confidencial, considere enviarla por correo postal.<\/span><\/p>\n<p><span style=\"color: #ffffff;\"><strong>Detecci\u00f3n de Intrusiones y Medidas de Seguridad<\/strong><\/span><br \/>\n<span style=\"color: #ffffff;\">Este sitio web est\u00e1 protegido por leyes federales de los EE. UU. dirigidas a prevenir y detectar intrusiones. Las medidas de seguridad est\u00e1n en lugar para proteger contra la p\u00e9rdida, mal uso o alteraci\u00f3n de la informaci\u00f3n bajo nuestro control.<\/span><\/p>\n<p><span style=\"color: #ffffff;\"><strong>Sitios y Aplicaciones Externas<\/strong><\/span><br \/>\n<span style=\"color: #ffffff;\">Nuestro sitio web puede enlazar a sitios externos o incluir servicios de terceros para mejorar su experiencia. No somos responsables de las pol\u00edticas de privacidad de estos sitios y servicios externos. Le recomendamos revisar las pol\u00edticas de privacidad de cualquier sitio web que visite.<\/span><\/p>\n<p><span style=\"color: #ffffff;\"><strong>Actualizaciones a Nuestra Pol\u00edtica de Privacidad<\/strong><\/span><br \/>\n<span style=\"color: #ffffff;\">Eleganza Event Venue se reserva el derecho de modificar esta pol\u00edtica de privacidad para reflejar cambios en nuestras pr\u00e1cticas de informaci\u00f3n. Cualquier cambio significativo ser\u00e1 comunicado a trav\u00e9s de nuestro sitio web.<\/span><\/p>\n<p><span style=\"color: #ffffff;\"><strong>Contacto<\/strong><\/span><br \/>\n<span style=\"color: #ffffff;\">Para preguntas o preocupaciones sobre nuestra pol\u00edtica de privacidad, p\u00f3ngase en contacto con nosotros a trav\u00e9s de <strong>eleganzaeventvenue@gmail.com<\/strong><\/span><br \/>\n<span style=\"color: #ffffff;\">Agradecemos su visita a nuestro sitio web y su inter\u00e9s en Eleganza Event Venue. Estamos comprometidos a proteger su privacidad y a proporcionar un entorno seguro en l\u00ednea.<\/span><\/p>\n<p><span style=\"color: #ffffff;\"><strong>Enlaces a sitios web de terceros:<\/strong> Nuestro sitio web puede contener enlaces a sitios web de terceros. No tenemos control sobre el contenido o las pr\u00e1cticas de privacidad de estos sitios y no asumimos responsabilidad alguna por ellos.<\/span><\/p>\n<p><span style=\"color: #ffffff;\"><strong>Cambios en esta pol\u00edtica:<\/strong> Nos reservamos el derecho de actualizar esta pol\u00edtica en cualquier momento. Te recomendamos revisar peri\u00f3dicamente esta p\u00e1gina para estar al tanto de cualquier cambio.<\/span><\/p>\n<\/p><\/div><\/div><\/div><\/div><div class=\"wpb_column vc_column_container vc_col-sm-2 text-left\"><div class=\"vc_column-inner\"><div class=\"wpb_wrapper\"><\/div><\/div><\/div><\/div><div class=\"vc_row-full-width vc_clearfix\"><\/div><\/section><div class=\"vc_row-full-width vc_clearfix\"><\/div><\/section>","protected":false},"excerpt":{"rendered":"POL\u00cdTICA DE PRIVACIDADFecha de \u00faltima actualizaci\u00f3n: 20 de Abril del 2024. Bienvenido a Eleganza Event Venue. Valoramos la confianza que deposita en nosotros al utilizar nuestros servicios y visitar nuestro sitio web. Comprometidos con la protecci\u00f3n y la privacidad de...","protected":false},"author":1,"featured_media":0,"parent":0,"menu_order":0,"comment_status":"closed","ping_status":"closed","template":"","meta":{"footnotes":""},"class_list":["post-13766","page","type-page","status-publish","hentry"],"_links":{"self":[{"href":"https:\/\/eleganzaeventvenue.com\/es\/wp-json\/wp\/v2\/pages\/13766","targetHints":{"allow":["GET"]}}],"collection":[{"href":"https:\/\/eleganzaeventvenue.com\/es\/wp-json\/wp\/v2\/pages"}],"about":[{"href":"https:\/\/eleganzaeventvenue.com\/es\/wp-json\/wp\/v2\/types\/page"}],"author":[{"embeddable":true,"href":"https:\/\/eleganzaeventvenue.com\/es\/wp-json\/wp\/v2\/users\/1"}],"replies":[{"embeddable":true,"href":"https:\/\/eleganzaeventvenue.com\/es\/wp-json\/wp\/v2\/comments?post=13766"}],"version-history":[{"count":3,"href":"https:\/\/eleganzaeventvenue.com\/es\/wp-json\/wp\/v2\/pages\/13766\/revisions"}],"predecessor-version":[{"id":13770,"href":"https:\/\/eleganzaeventvenue.com\/es\/wp-json\/wp\/v2\/pages\/13766\/revisions\/13770"}],"wp:attachment":[{"href":"https:\/\/eleganzaeventvenue.com\/es\/wp-json\/wp\/v2\/media?parent=13766"}],"curies":[{"name":"wp","href":"https:\/\/api.w.org\/{rel}","templated":true}]}}