{"id":13774,"date":"2024-10-28T16:29:35","date_gmt":"2024-10-28T16:29:35","guid":{"rendered":"https:\/\/eleganzaeventvenue.com\/?page_id=13774"},"modified":"2024-10-28T16:30:26","modified_gmt":"2024-10-28T16:30:26","slug":"terminos-y-condiciones-de-uso","status":"publish","type":"page","link":"https:\/\/eleganzaeventvenue.com\/es\/terminos-y-condiciones-de-uso\/","title":{"rendered":"Terminos y Condiciones de Uso"},"content":{"rendered":"<section class=\"wpb-content-wrapper\"><section id=\"pix_section_features\" data-vc-full-width=\"true\" data-vc-full-width-init=\"false\" class=\"vc_section vc_section_visible pix_section_features vc_custom_1729801717483 vc_section-has-fill vc_row-o-full-height\" data-section-name=\"\"><div data-vc-full-width=\"true\" data-vc-full-width-init=\"false\" class=\"vc_row wpb_row vc_row-fluid vc_row_visible vc_custom_1729799041563\"><div class=\"wpb_column vc_column_container vc_col-sm-2 text-left\"><div class=\"vc_column-inner  vc_custom_1558982852616\"><div class=\"wpb_wrapper\"><\/div><\/div><\/div><div class=\"wpb_column vc_column_container vc_col-sm-8 text-left\"><div class=\"vc_column-inner\"><div class=\"wpb_wrapper\"><div id=\"el1729799064056-b087bc8c-fb7f\" class=\"pix-highlighted-element text-left \"><div class=\"d-inline-block\" style=\"max-width:600px;\"><h2 class=\"pix-highlighted-items \" style=\"\" data-anim-type=\"\" data-anim-delay=\"0\"><span id=\"el1729799064056-b087bc8c-fb7f-0\" class=\"\"><span class=\"pix-highlighted-text pix-highlight-item font-weight-normal  heading-font text-white\">T\u00c9RMINOS Y CONDICIONES DE USO<\/span><\/span><\/h2><\/div><\/div><div id=\"el1729894892099-7aee2208-7f0e\" class=\"pix-el-text   w-100 text-left \" ><p class=\"text-left\"><p><span style=\"color: #ffffff;\"><strong>Bienvenidos<\/strong><\/span><br \/>\n<span style=\"color: #ffffff;\">Le damos la bienvenida a Eleganza Event Venue. Al acceder y utilizar nuestro sitio web, <strong>www.eleganzaeventvenue.com<\/strong>, usted acepta cumplir y estar vinculado por los siguientes t\u00e9rminos y condiciones de uso, as\u00ed como nuestra pol\u00edtica de privacidad. <strong>Damos por sentado que si usted est\u00e1 accediendo a nuestro sitio web es porque acepta nuestra pol\u00edtica de uso.<\/strong> Si no est\u00e1 de acuerdo con alguno de los t\u00e9rminos, le solicitamos abstenerse de utilizar nuestro sitio.<\/span><\/p>\n<p><span style=\"color: #ffffff;\"><strong>Uso de Cookies<\/strong><\/span><br \/>\n<span style=\"color: #ffffff;\">Nuestro sitio web utiliza cookies para optimizar su experiencia de navegaci\u00f3n. Al utilizar nuestro sitio, usted consiente el uso de cookies esenciales para su funcionamiento y, en algunos casos, cookies de terceros que pueden incluirse a trav\u00e9s de servicios integrados. Puede gestionar su consentimiento de cookies en la configuraci\u00f3n de su navegador.<\/span><\/p>\n<p><span style=\"color: #ffffff;\"><strong>Propiedad Intelectual<\/strong><\/span><br \/>\n<span style=\"color: #ffffff;\">El contenido, organizaci\u00f3n, gr\u00e1ficos, dise\u00f1o, compilaci\u00f3n y otros aspectos relacionados con nuestro sitio web son propiedad protegida bajo leyes de propiedad intelectual y otros derechos. Sin el consentimiento previo por escrito, est\u00e1 prohibido copiar, redistribuir, usar o publicar cualquier parte de nuestro sitio con fines comerciales o p\u00fablicos.<\/span><\/p>\n<p><span style=\"color: #ffffff;\"><strong>Comentarios y Participaci\u00f3n del Usuario<\/strong><\/span><br \/>\n<span style=\"color: #ffffff;\">Fomentamos el intercambio de opiniones e informaci\u00f3n relevante por parte de nuestros usuarios. Sin embargo, Eleganza Event Venue no se hace responsable por los comentarios publicados en nuestro sitio. Nos reservamos el derecho de remover comentarios que consideremos inapropiados o da\u00f1inos.<\/span><br \/>\n<span style=\"color: #ffffff;\">Al publicar, usted garantiza que posee los derechos de su contenido, que este no infringe derechos de terceros y otorga a Eleganza Event Venue el derecho de usar y reproducir dicho contenido.<\/span><\/p>\n<p><span style=\"color: #ffffff;\"><strong>Enlaces a Nuestro Sitio<\/strong><\/span><br \/>\n<span style=\"color: #ffffff;\">Organizaciones como agencias gubernamentales, medios de comunicaci\u00f3n y empresas pueden enlazar a nuestro sitio web sin requerir aprobaci\u00f3n previa. Estos enlaces deben ser respetuosos y no implicar falsamente ninguna afiliaci\u00f3n o endoso por nuestra parte.<\/span><\/p>\n<p><span style=\"color: #ffffff;\"><strong>Responsabilidad del Contenido<\/strong><\/span><br \/>\n<span style=\"color: #ffffff;\">Eleganza Event Venue no asume responsabilidad por el contenido externo vinculado desde nuestro sitio. La presencia de cualquier enlace no implica recomendaci\u00f3n ni respaldo por nuestra parte.<\/span><\/p>\n<p><span style=\"color: #ffffff;\"><strong>Reserva de Derechos<\/strong><\/span><br \/>\n<span style=\"color: #ffffff;\">Nos reservamos el derecho de solicitar la eliminaci\u00f3n de cualquier enlace a nuestro sitio web y de modificar estos t\u00e9rminos y condiciones en cualquier momento. Al continuar utilizando nuestro sitio, usted acepta estos t\u00e9rminos modificados.<\/span><\/p>\n<p><span style=\"color: #ffffff;\"><strong>Exenci\u00f3n de Responsabilidad<\/strong><\/span><br \/>\n<span style=\"color: #ffffff;\">Nuestro sitio web y su contenido se ofrecen tal cual, sin garant\u00edas de precisi\u00f3n o disponibilidad. Eleganza Event Venue no ser\u00e1 responsable por da\u00f1os resultantes del uso o incapacidad para usar nuestro sitio web.<\/span><\/p>\n<p><span style=\"color: #ffffff;\"><strong>Contacto<\/strong><\/span><br \/>\n<span style=\"color: #ffffff;\">Para preguntas o comentarios sobre estos t\u00e9rminos y condiciones, p\u00f3ngase en contacto con nosotros a trav\u00e9s de <strong>eleganzaeventvenue@gmail.com<\/strong><\/span><\/p>\n<\/p><\/div><\/div><\/div><\/div><div class=\"wpb_column vc_column_container vc_col-sm-2 text-left\"><div class=\"vc_column-inner\"><div class=\"wpb_wrapper\"><\/div><\/div><\/div><\/div><div class=\"vc_row-full-width vc_clearfix\"><\/div><\/section><div class=\"vc_row-full-width vc_clearfix\"><\/div><\/section>","protected":false},"excerpt":{"rendered":"T\u00c9RMINOS Y CONDICIONES DE USOBienvenidos Le damos la bienvenida a Eleganza Event Venue. Al acceder y utilizar nuestro sitio web, www.eleganzaeventvenue.com, usted acepta cumplir y estar vinculado por los siguientes t\u00e9rminos y condiciones de uso, as\u00ed como nuestra pol\u00edtica de...","protected":false},"author":1,"featured_media":0,"parent":0,"menu_order":0,"comment_status":"closed","ping_status":"closed","template":"","meta":{"footnotes":""},"class_list":["post-13774","page","type-page","status-publish","hentry"],"_links":{"self":[{"href":"https:\/\/eleganzaeventvenue.com\/es\/wp-json\/wp\/v2\/pages\/13774","targetHints":{"allow":["GET"]}}],"collection":[{"href":"https:\/\/eleganzaeventvenue.com\/es\/wp-json\/wp\/v2\/pages"}],"about":[{"href":"https:\/\/eleganzaeventvenue.com\/es\/wp-json\/wp\/v2\/types\/page"}],"author":[{"embeddable":true,"href":"https:\/\/eleganzaeventvenue.com\/es\/wp-json\/wp\/v2\/users\/1"}],"replies":[{"embeddable":true,"href":"https:\/\/eleganzaeventvenue.com\/es\/wp-json\/wp\/v2\/comments?post=13774"}],"version-history":[{"count":4,"href":"https:\/\/eleganzaeventvenue.com\/es\/wp-json\/wp\/v2\/pages\/13774\/revisions"}],"predecessor-version":[{"id":13778,"href":"https:\/\/eleganzaeventvenue.com\/es\/wp-json\/wp\/v2\/pages\/13774\/revisions\/13778"}],"wp:attachment":[{"href":"https:\/\/eleganzaeventvenue.com\/es\/wp-json\/wp\/v2\/media?parent=13774"}],"curies":[{"name":"wp","href":"https:\/\/api.w.org\/{rel}","templated":true}]}}